{"id":8716,"date":"2025-01-12T00:47:12","date_gmt":"2025-01-11T23:47:12","guid":{"rendered":"https:\/\/ciems.ma\/?page_id=8716"},"modified":"2025-04-01T02:20:29","modified_gmt":"2025-04-01T00:20:29","slug":"certificat-executif-en-intelligence-strategique","status":"publish","type":"page","link":"https:\/\/ciems.ma\/index.php\/certificat-executif-en-intelligence-strategique\/","title":{"rendered":"Certificat ex\u00e9cutif en intelligence strat\u00e9gique"},"content":{"rendered":"<p>[vc_row type=&#8221;vc_default&#8221; css=&#8221;.vc_custom_1476008791393{padding-top: 70px !important;padding-bottom: 25px !important;}&#8221;][vc_column offset=&#8221;vc_col-lg-6 vc_col-md-6 vc_col-xs-12&#8243; css=&#8221;.vc_custom_1476005293248{padding-bottom: 50px !important;}&#8221;]<div id=\"ultimate-heading-173669eb7f512c853\" class=\"uvc-heading ult-adjust-bottom-margin ultimate-heading-173669eb7f512c853 uvc-6533 \" data-hspacer=\"no_spacer\"  data-halign=\"left\" style=\"text-align:left\"><div class=\"uvc-heading-spacer no_spacer\" style=\"top\"><\/div><div class=\"uvc-main-heading ult-responsive\"  data-ultimate-target='.uvc-heading.ultimate-heading-173669eb7f512c853 h2'  data-responsive-json-new='{\"font-size\":\"desktop:20px;\",\"line-height\":\"desktop:32px;\"}' ><h2 style=\"font-weight:bold;margin-bottom:20px;\">Aper\u00e7u du Certificat :<\/h2><\/div><\/div><div class=\"gap\" style=\"line-height: 10px; height: 10px;\"><\/div>[vc_column_text]<\/p>\n<div align=\"justify\">\n<p>Le Certificat Ex\u00e9cutif en Intelligence Strat\u00e9gique s&#8217;adresse aux cadres et d\u00e9cideurs souhaitant ma\u00eetriser les outils et m\u00e9thodes modernes pour collecter, analyser et exploiter efficacement l&#8217;information strat\u00e9gique, garantissant ainsi un avantage comp\u00e9titif durable.<\/p>\n<p>Con\u00e7u pour r\u00e9pondre aux attentes des professionnels en activit\u00e9, ce programme combine sessions interactives, \u00e9tudes de cas pratiques et projets collaboratifs.<\/p>\n<\/div>\n<p>[\/vc_column_text]<div id=\"ultimate-heading-97669eb7f512c88d\" class=\"uvc-heading ult-adjust-bottom-margin ultimate-heading-97669eb7f512c88d uvc-8184 \" data-hspacer=\"no_spacer\"  data-halign=\"left\" style=\"text-align:left\"><div class=\"uvc-heading-spacer no_spacer\" style=\"top\"><\/div><div class=\"uvc-main-heading ult-responsive\"  data-ultimate-target='.uvc-heading.ultimate-heading-97669eb7f512c88d h2'  data-responsive-json-new='{\"font-size\":\"desktop:20px;\",\"line-height\":\"desktop:32px;\"}' ><h2 style=\"font-weight:bold;margin-bottom:20px;\">Objectifs :<\/h2><\/div><\/div><div class=\"standard-arrow list-divider bullet-top\"><ul>\n<li>Acqu\u00e9rir des comp\u00e9tences avanc\u00e9es en gestion strat\u00e9gique de l&#8217;information.<\/li>\n<li>Renforcer l&#8217;aptitude \u00e0 g\u00e9rer et valoriser les connaissances de l&#8217;entreprise.<\/li>\n<li>Int\u00e9grer l&#8217;intelligence artificielle pour optimiser les processus d\u00e9cisionnels.<\/li>\n<li>D\u00e9velopper une vision strat\u00e9gique globale ax\u00e9e sur l&#8217;anticipation.<\/li>\n<\/ul>\n<\/div><div id=\"ultimate-heading-931969eb7f512c909\" class=\"uvc-heading ult-adjust-bottom-margin ultimate-heading-931969eb7f512c909 uvc-9897 \" data-hspacer=\"no_spacer\"  data-halign=\"left\" style=\"text-align:left\"><div class=\"uvc-heading-spacer no_spacer\" style=\"top\"><\/div><div class=\"uvc-main-heading ult-responsive\"  data-ultimate-target='.uvc-heading.ultimate-heading-931969eb7f512c909 h2'  data-responsive-json-new='{\"font-size\":\"desktop:20px;\",\"line-height\":\"desktop:32px;\"}' ><h2 style=\"font-weight:bold;margin-bottom:20px;\">Format :<\/h2><\/div><\/div>[vc_column_text]<\/p>\n<div align=\"justify\">\n<p>Le Certificat est principalement dispens\u00e9 en pr\u00e9sentiel, mais peut \u00eatre \u00e9galement propos\u00e9 en ligne.<\/p>\n<p>Il est disponible en format interentreprises et peut \u00eatre organis\u00e9 en format intra-entreprise.<\/p>\n<\/div>\n<p>[\/vc_column_text][\/vc_column][vc_column offset=&#8221;vc_col-lg-6 vc_col-md-6 vc_col-xs-12&#8243; css=&#8221;.vc_custom_1476005300152{padding-bottom: 50px !important;}&#8221;]<div id=\"ultimate-heading-125669eb7f512c929\" class=\"uvc-heading ult-adjust-bottom-margin ultimate-heading-125669eb7f512c929 uvc-6793 \" data-hspacer=\"no_spacer\"  data-halign=\"left\" style=\"text-align:left\"><div class=\"uvc-heading-spacer no_spacer\" style=\"top\"><\/div><div class=\"uvc-main-heading ult-responsive\"  data-ultimate-target='.uvc-heading.ultimate-heading-125669eb7f512c929 h2'  data-responsive-json-new='{\"font-size\":\"desktop:20px;\",\"line-height\":\"desktop:32px;\"}' ><h2 style=\"font-weight:bold;margin-bottom:20px;\">Module, date &amp; Lieu :<\/h2><\/div><\/div><div class=\"gap\" style=\"line-height: 10px; height: 10px;\"><\/div><div class=\"standard-arrow list-divider bullet-top\"><ul>\n<li>Module 1 : Business intelligence (07 Juillet 2025, Rabat)<\/li>\n<li>Module 2 : Intelligence \u00e9conomique (08 Juillet 2025, Rabat)<\/li>\n<li>Module 3 : Knowledge management (09 Juillet 2025, Rabat)<\/li>\n<li>Module 4\u00a0 : Intelligence artificielle (10\u00a0Juillet 2025, Rabat)<\/li>\n<li>Module 5 : IA G\u00e9n\u00e9rative (11\u00a0Juillet 2025, Rabat)<\/li>\n<\/ul>\n<\/div><div id=\"ultimate-heading-863469eb7f512c987\" class=\"uvc-heading ult-adjust-bottom-margin ultimate-heading-863469eb7f512c987 uvc-1757 \" data-hspacer=\"no_spacer\"  data-halign=\"left\" style=\"text-align:left\"><div class=\"uvc-heading-spacer no_spacer\" style=\"top\"><\/div><div class=\"uvc-main-heading ult-responsive\"  data-ultimate-target='.uvc-heading.ultimate-heading-863469eb7f512c987 h2'  data-responsive-json-new='{\"font-size\":\"desktop:20px;\",\"line-height\":\"desktop:32px;\"}' ><h2 style=\"font-weight:bold;margin-bottom:20px;\">Frais de participation :<\/h2><\/div><\/div><div class=\"standard-arrow list-divider bullet-top\"><ul>\n<li>Module 1 : Business intelligence : 2000 DH HT<\/li>\n<li>Module 2 : Intelligence \u00e9conomique : 2000 DH HT<\/li>\n<li>Module 3 : Knowledge management : 2000 DH HT<\/li>\n<li>Module 4 : Intelligence artificielle : 2000 DH HT<\/li>\n<li>Module 5 : IA g\u00e9n\u00e9rative : 2000 DH HT<\/li>\n<\/ul>\n<\/div>[\/vc_column][\/vc_row][vc_row][vc_column width=&#8221;1\/2&#8243;][vc_btn title=&#8221;BROCHURE&#8221; color=&#8221;danger&#8221; align=&#8221;center&#8221; link=&#8221;url:https%3A%2F%2Fwww.ciems.ma%2Fciems-business-institute%2FCEIS_brochure.pdf|title:Brochure%20-%20Certificat%20Ex%C3%A9cutif%20en%20Intelligence%20Strat%C3%A9gique|target:_blank&#8221;][\/vc_column][vc_column width=&#8221;1\/2&#8243;][vc_btn title=&#8221;INSCRIPTION&#8221; color=&#8221;danger&#8221; align=&#8221;center&#8221; link=&#8221;url:https%3A%2F%2Fforms.office.com%2Fpages%2Fresponsepage.aspx%3Fid%3DDQSIkWdsW0yxEjajBLZtrQAAAAAAAAAAAAMAAC95eT5UMUkxOUZZWThUSVBXRzk4VjY3WTFKVlJISy4u%26route%3Dshorturl|title:Certificat%20Ex%C3%A9cutif%20en%20Intelligence%20Strat%C3%A9gique|target:_blank&#8221;][\/vc_column][\/vc_row][vc_row][vc_column]<div class=\"gap\" style=\"line-height: 20px; height: 20px;\"><\/div>[\/vc_column][\/vc_row]<\/p>\n","protected":false},"excerpt":{"rendered":"<p>[vc_row type=&#8221;vc_default&#8221; css=&#8221;.vc_custom_1476008791393{padding-top: 70px !important;padding-bottom: 25px !important;}&#8221;][vc_column offset=&#8221;vc_col-lg-6 vc_col-md-6 vc_col-xs-12&#8243; css=&#8221;.vc_custom_1476005293248{padding-bottom: 50px !important;}&#8221;][vc_column_text] Le Certificat Ex\u00e9cutif en Intelligence Strat\u00e9gique s&#8217;adresse aux cadres et d\u00e9cideurs souhaitant ma\u00eetriser les outils et m\u00e9thodes modernes pour collecter, analyser et exploiter efficacement l&#8217;information strat\u00e9gique, garantissant ainsi un avantage comp\u00e9titif durable. Con\u00e7u pour r\u00e9pondre aux attentes des professionnels en activit\u00e9, ce&hellip;<\/p>\n","protected":false},"author":1,"featured_media":0,"parent":0,"menu_order":100,"comment_status":"closed","ping_status":"closed","template":"","meta":[],"_links":{"self":[{"href":"https:\/\/ciems.ma\/index.php\/wp-json\/wp\/v2\/pages\/8716"}],"collection":[{"href":"https:\/\/ciems.ma\/index.php\/wp-json\/wp\/v2\/pages"}],"about":[{"href":"https:\/\/ciems.ma\/index.php\/wp-json\/wp\/v2\/types\/page"}],"author":[{"embeddable":true,"href":"https:\/\/ciems.ma\/index.php\/wp-json\/wp\/v2\/users\/1"}],"replies":[{"embeddable":true,"href":"https:\/\/ciems.ma\/index.php\/wp-json\/wp\/v2\/comments?post=8716"}],"version-history":[{"count":32,"href":"https:\/\/ciems.ma\/index.php\/wp-json\/wp\/v2\/pages\/8716\/revisions"}],"predecessor-version":[{"id":9110,"href":"https:\/\/ciems.ma\/index.php\/wp-json\/wp\/v2\/pages\/8716\/revisions\/9110"}],"wp:attachment":[{"href":"https:\/\/ciems.ma\/index.php\/wp-json\/wp\/v2\/media?parent=8716"}],"curies":[{"name":"wp","href":"https:\/\/api.w.org\/{rel}","templated":true}]}}